{"id":127,"date":"2015-02-28T14:09:41","date_gmt":"2015-02-28T13:09:41","guid":{"rendered":"http:\/\/localhost:8888\/wordpress\/?page_id=127"},"modified":"2015-08-15T11:43:16","modified_gmt":"2015-08-15T11:43:16","slug":"127-2","status":"publish","type":"page","link":"https:\/\/debritodesign.ch\/","title":{"rendered":"HOME"},"content":{"rendered":"<section id=\"builder-section-1425128940114\" class=\"builder-section  builder-section-first builder-section-banner builder-section-last\">\n<div class=\"builder-section-content\">\n<div class=\"builder-banner-slide content-position-none\" style=\"\">\n<div class=\"builder-banner-content\">\n<div class=\"builder-banner-inner-content\">\n<h2><span style=\"color: #ff9900;\"><big>HERZLICH WILLKOMMEN<\/big><\/span><\/h2>\n<p>\u00a0<br \/> <span style=\"color: #000000;\">Bei <span style=\"color: #ff9900;\"><b>D<\/b><\/span><b>e<\/b><span style=\"color: #ff9900;\"><b>B<\/b><\/span><b>rito<\/b><span style=\"color: #ff9900;\"><b>D<\/b><\/span><b>esign<\/b> erhalten Sie professionelle Bilddienstleistungen <\/span><br \/><span style=\"color: #000000;\"> ganz nach Ihren W\u00fcnschen.\u00a0Ihre W\u00fcnsche und Vorstellungen werden jeweils <\/span><br \/><span style=\"color: #000000;\">in einem pers\u00f6nlichen Gespr\u00e4ch erfasst. Ihre Zufriedenheit ist mein Ziel!<\/span><\/p>\n<p>\u00a0<\/p>\n<p><span style=\"color: #000000;\">Nadine Soares De Brito<\/span><br \/><span style=\"color: #000000;\">T\u00f6sswiesenstrasse 10\u00a0<\/span><br \/><span style=\"color: #000000;\">8413 Neftenbach<\/span><br \/><span style=\"color: #000000;\"><b>Tel. 079\u2009129\u2009\u200982\u2009\u200974<\/b><\/span><\/p>\n<\/p><\/div>\n<\/p><\/div>\n<\/p><\/div>\n<\/p><\/div>\n<\/section>\n","protected":false},"excerpt":{"rendered":"<p>HERZLICH WILLKOMMEN \u00a0 Bei DeBritoDesign erhalten Sie professionelle Bilddienstleistungen ganz nach Ihren W\u00fcnschen.\u00a0Ihre W\u00fcnsche und Vorstellungen werden jeweils in einem pers\u00f6nlichen Gespr\u00e4ch erfasst. Ihre Zufriedenheit ist mein Ziel! \u00a0 Nadine Soares De BritoT\u00f6sswiesenstrasse 10\u00a08413 NeftenbachTel. 079\u2009129\u2009\u200982\u2009\u200974<\/p>\n","protected":false},"author":1,"featured_media":0,"parent":0,"menu_order":1,"comment_status":"closed","ping_status":"closed","template":"template-builder.php","meta":{"footnotes":""},"class_list":["post-127","page","type-page","status-publish","hentry"],"_links":{"self":[{"href":"https:\/\/debritodesign.ch\/index.php?rest_route=\/wp\/v2\/pages\/127","targetHints":{"allow":["GET"]}}],"collection":[{"href":"https:\/\/debritodesign.ch\/index.php?rest_route=\/wp\/v2\/pages"}],"about":[{"href":"https:\/\/debritodesign.ch\/index.php?rest_route=\/wp\/v2\/types\/page"}],"author":[{"embeddable":true,"href":"https:\/\/debritodesign.ch\/index.php?rest_route=\/wp\/v2\/users\/1"}],"replies":[{"embeddable":true,"href":"https:\/\/debritodesign.ch\/index.php?rest_route=%2Fwp%2Fv2%2Fcomments&post=127"}],"version-history":[{"count":24,"href":"https:\/\/debritodesign.ch\/index.php?rest_route=\/wp\/v2\/pages\/127\/revisions"}],"predecessor-version":[{"id":197,"href":"https:\/\/debritodesign.ch\/index.php?rest_route=\/wp\/v2\/pages\/127\/revisions\/197"}],"wp:attachment":[{"href":"https:\/\/debritodesign.ch\/index.php?rest_route=%2Fwp%2Fv2%2Fmedia&parent=127"}],"curies":[{"name":"wp","href":"https:\/\/api.w.org\/{rel}","templated":true}]}}